{"id":213,"date":"2021-11-19T07:19:24","date_gmt":"2021-11-19T07:19:24","guid":{"rendered":"https:\/\/ozacariturizm.com.tr\/?page_id=213"},"modified":"2024-12-02T12:44:14","modified_gmt":"2024-12-02T12:44:14","slug":"our-clients","status":"publish","type":"page","link":"https:\/\/ozacariturizm.com.tr\/?page_id=213","title":{"rendered":"Our clients"},"content":{"rendered":"\t\t<div data-elementor-type=\"wp-page\" data-elementor-id=\"213\" class=\"elementor elementor-213\">\n\t\t\t\t\t\t<section class=\"elementor-section elementor-top-section elementor-element elementor-element-55ea437 elementor-section-boxed elementor-section-height-default elementor-section-height-default\" data-id=\"55ea437\" data-element_type=\"section\" data-settings=\"{&quot;background_background&quot;:&quot;classic&quot;}\">\n\t\t\t\t\t\t<div class=\"elementor-container elementor-column-gap-default\">\n\t\t\t\t\t<div class=\"elementor-column elementor-col-100 elementor-top-column elementor-element elementor-element-a84a79f\" data-id=\"a84a79f\" data-element_type=\"column\">\n\t\t\t<div class=\"elementor-widget-wrap elementor-element-populated\">\n\t\t\t\t\t\t<div class=\"elementor-element elementor-element-c71d05b elementor-widget elementor-widget-spacer\" data-id=\"c71d05b\" data-element_type=\"widget\" data-widget_type=\"spacer.default\">\n\t\t\t\t<div class=\"elementor-widget-container\">\n\t\t\t\t\t\t\t<div class=\"elementor-spacer\">\n\t\t\t<div class=\"elementor-spacer-inner\"><\/div>\n\t\t<\/div>\n\t\t\t\t\t\t<\/div>\n\t\t\t\t<\/div>\n\t\t\t\t<div class=\"elementor-element elementor-element-f3746a1 elementor-widget elementor-widget-transflash_elementor_heading\" data-id=\"f3746a1\" data-element_type=\"widget\" data-widget_type=\"transflash_elementor_heading.default\">\n\t\t\t\t<div class=\"elementor-widget-container\">\n\t\t\t\t\t\n\t\t    <div class=\"ova-heading\">\n\t\t \t   <h2 class=\"title\">\t\t\t\t\t\t\t\t\t\t\tM\u00fc\u015fterilerimizden Baz\u0131lar\u0131\t\t\t\t\t\t\t\t\t<\/h2>\n\t\t\t\t\t\t    <\/div>\n\n         \t\t\t\t<\/div>\n\t\t\t\t<\/div>\n\t\t\t\t<section class=\"elementor-section elementor-inner-section elementor-element elementor-element-ebd950e elementor-section-full_width elementor-section-height-default elementor-section-height-default\" data-id=\"ebd950e\" data-element_type=\"section\">\n\t\t\t\t\t\t<div class=\"elementor-container elementor-column-gap-default\">\n\t\t\t\t\t<div class=\"elementor-column elementor-col-25 elementor-inner-column elementor-element elementor-element-62560bc\" data-id=\"62560bc\" data-element_type=\"column\">\n\t\t\t<div class=\"elementor-widget-wrap elementor-element-populated\">\n\t\t\t\t\t\t<div class=\"elementor-element elementor-element-db5278b elementor-widget elementor-widget-image\" data-id=\"db5278b\" data-element_type=\"widget\" data-widget_type=\"image.default\">\n\t\t\t\t<div class=\"elementor-widget-container\">\n\t\t\t\t\t\t\t\t\t\t\t\t\t\t\t<img fetchpriority=\"high\" decoding=\"async\" width=\"512\" height=\"164\" src=\"https:\/\/ozacariturizm.com.tr\/wp-content\/uploads\/2024\/12\/Beyaz-tv-tr.webp\" class=\"attachment-large size-large wp-image-4998\" alt=\"\" srcset=\"https:\/\/ozacariturizm.com.tr\/wp-content\/uploads\/2024\/12\/Beyaz-tv-tr.webp 512w, https:\/\/ozacariturizm.com.tr\/wp-content\/uploads\/2024\/12\/Beyaz-tv-tr-300x96.webp 300w\" sizes=\"(max-width: 512px) 100vw, 512px\" \/>\t\t\t\t\t\t\t\t\t\t\t\t\t\t\t<\/div>\n\t\t\t\t<\/div>\n\t\t\t\t<div class=\"elementor-element elementor-element-66d1459 elementor-widget elementor-widget-image\" data-id=\"66d1459\" data-element_type=\"widget\" data-widget_type=\"image.default\">\n\t\t\t\t<div class=\"elementor-widget-container\">\n\t\t\t\t\t\t\t\t\t\t\t\t\t\t\t<img decoding=\"async\" width=\"800\" height=\"457\" src=\"https:\/\/ozacariturizm.com.tr\/wp-content\/uploads\/2024\/12\/YENI-LOGO_KJ-1024x585.png\" class=\"attachment-large size-large wp-image-5003\" alt=\"\" srcset=\"https:\/\/ozacariturizm.com.tr\/wp-content\/uploads\/2024\/12\/YENI-LOGO_KJ-1024x585.png 1024w, https:\/\/ozacariturizm.com.tr\/wp-content\/uploads\/2024\/12\/YENI-LOGO_KJ-300x171.png 300w, https:\/\/ozacariturizm.com.tr\/wp-content\/uploads\/2024\/12\/YENI-LOGO_KJ-768x439.png 768w, https:\/\/ozacariturizm.com.tr\/wp-content\/uploads\/2024\/12\/YENI-LOGO_KJ-1536x877.png 1536w, https:\/\/ozacariturizm.com.tr\/wp-content\/uploads\/2024\/12\/YENI-LOGO_KJ.png 1600w\" sizes=\"(max-width: 800px) 100vw, 800px\" \/>\t\t\t\t\t\t\t\t\t\t\t\t\t\t\t<\/div>\n\t\t\t\t<\/div>\n\t\t\t\t\t<\/div>\n\t\t<\/div>\n\t\t\t\t<div class=\"elementor-column elementor-col-25 elementor-inner-column elementor-element elementor-element-fbb50e4\" data-id=\"fbb50e4\" data-element_type=\"column\">\n\t\t\t<div class=\"elementor-widget-wrap elementor-element-populated\">\n\t\t\t\t\t\t<div class=\"elementor-element elementor-element-3186d3a elementor-widget elementor-widget-image\" data-id=\"3186d3a\" data-element_type=\"widget\" data-widget_type=\"image.default\">\n\t\t\t\t<div class=\"elementor-widget-container\">\n\t\t\t\t\t\t\t\t\t\t\t\t\t\t\t<img decoding=\"async\" width=\"503\" height=\"100\" src=\"https:\/\/ozacariturizm.com.tr\/wp-content\/uploads\/2024\/12\/eweeew.jpg\" class=\"attachment-large size-large wp-image-4999\" alt=\"\" srcset=\"https:\/\/ozacariturizm.com.tr\/wp-content\/uploads\/2024\/12\/eweeew.jpg 503w, https:\/\/ozacariturizm.com.tr\/wp-content\/uploads\/2024\/12\/eweeew-300x60.jpg 300w\" sizes=\"(max-width: 503px) 100vw, 503px\" \/>\t\t\t\t\t\t\t\t\t\t\t\t\t\t\t<\/div>\n\t\t\t\t<\/div>\n\t\t\t\t<div class=\"elementor-element elementor-element-6c0be2c elementor-widget elementor-widget-image\" data-id=\"6c0be2c\" data-element_type=\"widget\" data-widget_type=\"image.default\">\n\t\t\t\t<div class=\"elementor-widget-container\">\n\t\t\t\t\t\t\t\t\t\t\t\t\t\t\t<img loading=\"lazy\" decoding=\"async\" width=\"550\" height=\"200\" src=\"https:\/\/ozacariturizm.com.tr\/wp-content\/uploads\/2024\/12\/ayakkabiduenyasi.jpg\" class=\"attachment-large size-large wp-image-5004\" alt=\"\" srcset=\"https:\/\/ozacariturizm.com.tr\/wp-content\/uploads\/2024\/12\/ayakkabiduenyasi.jpg 550w, https:\/\/ozacariturizm.com.tr\/wp-content\/uploads\/2024\/12\/ayakkabiduenyasi-300x109.jpg 300w\" sizes=\"(max-width: 550px) 100vw, 550px\" \/>\t\t\t\t\t\t\t\t\t\t\t\t\t\t\t<\/div>\n\t\t\t\t<\/div>\n\t\t\t\t<div class=\"elementor-element elementor-element-8349d35 elementor-widget elementor-widget-image\" data-id=\"8349d35\" data-element_type=\"widget\" data-widget_type=\"image.default\">\n\t\t\t\t<div class=\"elementor-widget-container\">\n\t\t\t\t\t\t\t\t\t\t\t\t\t\t\t<img loading=\"lazy\" decoding=\"async\" width=\"478\" height=\"306\" src=\"https:\/\/ozacariturizm.com.tr\/wp-content\/uploads\/2024\/12\/3ew.png\" class=\"attachment-large size-large wp-image-5008\" alt=\"\" srcset=\"https:\/\/ozacariturizm.com.tr\/wp-content\/uploads\/2024\/12\/3ew.png 478w, https:\/\/ozacariturizm.com.tr\/wp-content\/uploads\/2024\/12\/3ew-300x192.png 300w\" sizes=\"(max-width: 478px) 100vw, 478px\" \/>\t\t\t\t\t\t\t\t\t\t\t\t\t\t\t<\/div>\n\t\t\t\t<\/div>\n\t\t\t\t\t<\/div>\n\t\t<\/div>\n\t\t\t\t<div class=\"elementor-column elementor-col-25 elementor-inner-column elementor-element elementor-element-b4568c7\" data-id=\"b4568c7\" data-element_type=\"column\">\n\t\t\t<div class=\"elementor-widget-wrap elementor-element-populated\">\n\t\t\t\t\t\t<div class=\"elementor-element elementor-element-e695eb2 elementor-widget elementor-widget-image\" data-id=\"e695eb2\" data-element_type=\"widget\" data-widget_type=\"image.default\">\n\t\t\t\t<div class=\"elementor-widget-container\">\n\t\t\t\t\t\t\t\t\t\t\t\t\t\t\t<img loading=\"lazy\" decoding=\"async\" width=\"600\" height=\"315\" src=\"https:\/\/ozacariturizm.com.tr\/wp-content\/uploads\/2024\/12\/NAMALDI-LOGO-BONITO-600x315-1.jpg\" class=\"attachment-large size-large wp-image-5000\" alt=\"\" srcset=\"https:\/\/ozacariturizm.com.tr\/wp-content\/uploads\/2024\/12\/NAMALDI-LOGO-BONITO-600x315-1.jpg 600w, https:\/\/ozacariturizm.com.tr\/wp-content\/uploads\/2024\/12\/NAMALDI-LOGO-BONITO-600x315-1-300x158.jpg 300w\" sizes=\"(max-width: 600px) 100vw, 600px\" \/>\t\t\t\t\t\t\t\t\t\t\t\t\t\t\t<\/div>\n\t\t\t\t<\/div>\n\t\t\t\t<div class=\"elementor-element elementor-element-40e3fca elementor-widget elementor-widget-image\" data-id=\"40e3fca\" data-element_type=\"widget\" data-widget_type=\"image.default\">\n\t\t\t\t<div class=\"elementor-widget-container\">\n\t\t\t\t\t\t\t\t\t\t\t\t\t\t\t<img loading=\"lazy\" decoding=\"async\" width=\"400\" height=\"400\" src=\"https:\/\/ozacariturizm.com.tr\/wp-content\/uploads\/2024\/12\/af54526f2f699131148143445a9e3238_400x400-1.jpeg\" class=\"attachment-large size-large wp-image-5006\" alt=\"\" srcset=\"https:\/\/ozacariturizm.com.tr\/wp-content\/uploads\/2024\/12\/af54526f2f699131148143445a9e3238_400x400-1.jpeg 400w, https:\/\/ozacariturizm.com.tr\/wp-content\/uploads\/2024\/12\/af54526f2f699131148143445a9e3238_400x400-1-300x300.jpeg 300w, https:\/\/ozacariturizm.com.tr\/wp-content\/uploads\/2024\/12\/af54526f2f699131148143445a9e3238_400x400-1-150x150.jpeg 150w\" sizes=\"(max-width: 400px) 100vw, 400px\" \/>\t\t\t\t\t\t\t\t\t\t\t\t\t\t\t<\/div>\n\t\t\t\t<\/div>\n\t\t\t\t\t<\/div>\n\t\t<\/div>\n\t\t\t\t<div class=\"elementor-column elementor-col-25 elementor-inner-column elementor-element elementor-element-bc6bfb0\" data-id=\"bc6bfb0\" data-element_type=\"column\">\n\t\t\t<div class=\"elementor-widget-wrap elementor-element-populated\">\n\t\t\t\t\t\t<div class=\"elementor-element elementor-element-7b49295 elementor-widget elementor-widget-image\" data-id=\"7b49295\" data-element_type=\"widget\" data-widget_type=\"image.default\">\n\t\t\t\t<div class=\"elementor-widget-container\">\n\t\t\t\t\t\t\t\t\t\t\t\t\t\t\t<img loading=\"lazy\" decoding=\"async\" width=\"800\" height=\"800\" src=\"https:\/\/ozacariturizm.com.tr\/wp-content\/uploads\/2024\/12\/channels4_profile.jpg\" class=\"attachment-large size-large wp-image-5001\" alt=\"\" srcset=\"https:\/\/ozacariturizm.com.tr\/wp-content\/uploads\/2024\/12\/channels4_profile.jpg 900w, https:\/\/ozacariturizm.com.tr\/wp-content\/uploads\/2024\/12\/channels4_profile-300x300.jpg 300w, https:\/\/ozacariturizm.com.tr\/wp-content\/uploads\/2024\/12\/channels4_profile-150x150.jpg 150w, https:\/\/ozacariturizm.com.tr\/wp-content\/uploads\/2024\/12\/channels4_profile-768x768.jpg 768w, https:\/\/ozacariturizm.com.tr\/wp-content\/uploads\/2024\/12\/channels4_profile-410x410.jpg 410w\" sizes=\"(max-width: 800px) 100vw, 800px\" \/>\t\t\t\t\t\t\t\t\t\t\t\t\t\t\t<\/div>\n\t\t\t\t<\/div>\n\t\t\t\t<div class=\"elementor-element elementor-element-5717e6c elementor-widget elementor-widget-image\" data-id=\"5717e6c\" data-element_type=\"widget\" data-widget_type=\"image.default\">\n\t\t\t\t<div class=\"elementor-widget-container\">\n\t\t\t\t\t\t\t\t\t\t\t\t\t\t\t<img loading=\"lazy\" decoding=\"async\" width=\"225\" height=\"225\" src=\"https:\/\/ozacariturizm.com.tr\/wp-content\/uploads\/2024\/12\/images.jpg\" class=\"attachment-large size-large wp-image-5007\" alt=\"\" srcset=\"https:\/\/ozacariturizm.com.tr\/wp-content\/uploads\/2024\/12\/images.jpg 225w, https:\/\/ozacariturizm.com.tr\/wp-content\/uploads\/2024\/12\/images-150x150.jpg 150w\" sizes=\"(max-width: 225px) 100vw, 225px\" \/>\t\t\t\t\t\t\t\t\t\t\t\t\t\t\t<\/div>\n\t\t\t\t<\/div>\n\t\t\t\t\t<\/div>\n\t\t<\/div>\n\t\t\t\t\t<\/div>\n\t\t<\/section>\n\t\t\t\t\t<\/div>\n\t\t<\/div>\n\t\t\t\t\t<\/div>\n\t\t<\/section>\n\t\t\t\t<\/div>\n\t\t","protected":false},"excerpt":{"rendered":"<p>M\u00fc\u015fterilerimizden Baz\u0131lar\u0131<\/p>\n","protected":false},"author":1,"featured_media":1927,"parent":0,"menu_order":0,"comment_status":"closed","ping_status":"closed","template":"elementor_header_footer","meta":{"footnotes":""},"class_list":["post-213","page","type-page","status-publish","has-post-thumbnail","hentry"],"_links":{"self":[{"href":"https:\/\/ozacariturizm.com.tr\/index.php?rest_route=\/wp\/v2\/pages\/213","targetHints":{"allow":["GET"]}}],"collection":[{"href":"https:\/\/ozacariturizm.com.tr\/index.php?rest_route=\/wp\/v2\/pages"}],"about":[{"href":"https:\/\/ozacariturizm.com.tr\/index.php?rest_route=\/wp\/v2\/types\/page"}],"author":[{"embeddable":true,"href":"https:\/\/ozacariturizm.com.tr\/index.php?rest_route=\/wp\/v2\/users\/1"}],"replies":[{"embeddable":true,"href":"https:\/\/ozacariturizm.com.tr\/index.php?rest_route=%2Fwp%2Fv2%2Fcomments&post=213"}],"version-history":[{"count":4,"href":"https:\/\/ozacariturizm.com.tr\/index.php?rest_route=\/wp\/v2\/pages\/213\/revisions"}],"predecessor-version":[{"id":5011,"href":"https:\/\/ozacariturizm.com.tr\/index.php?rest_route=\/wp\/v2\/pages\/213\/revisions\/5011"}],"wp:featuredmedia":[{"embeddable":true,"href":"https:\/\/ozacariturizm.com.tr\/index.php?rest_route=\/wp\/v2\/media\/1927"}],"wp:attachment":[{"href":"https:\/\/ozacariturizm.com.tr\/index.php?rest_route=%2Fwp%2Fv2%2Fmedia&parent=213"}],"curies":[{"name":"wp","href":"https:\/\/api.w.org\/{rel}","templated":true}]}}