{"id":3510,"date":"2021-12-09T09:21:08","date_gmt":"2021-12-09T09:21:08","guid":{"rendered":"https:\/\/ozacariturizm.com.tr\/?page_id=3510"},"modified":"2025-12-22T10:25:49","modified_gmt":"2025-12-22T10:25:49","slug":"career","status":"publish","type":"page","link":"https:\/\/ozacariturizm.com.tr\/?page_id=3510","title":{"rendered":"Career"},"content":{"rendered":"\t\t<div data-elementor-type=\"wp-page\" data-elementor-id=\"3510\" class=\"elementor elementor-3510\">\n\t\t\t\t\t\t<section class=\"elementor-section elementor-top-section elementor-element elementor-element-2680c56 elementor-section-boxed elementor-section-height-default elementor-section-height-default\" data-id=\"2680c56\" data-element_type=\"section\">\n\t\t\t\t\t\t<div class=\"elementor-container elementor-column-gap-default\">\n\t\t\t\t\t<div class=\"elementor-column elementor-col-50 elementor-top-column elementor-element elementor-element-89051e9\" data-id=\"89051e9\" data-element_type=\"column\">\n\t\t\t<div class=\"elementor-widget-wrap elementor-element-populated\">\n\t\t\t\t\t\t<div class=\"elementor-element elementor-element-767e356 elementor-widget elementor-widget-image\" data-id=\"767e356\" data-element_type=\"widget\" data-widget_type=\"image.default\">\n\t\t\t\t<div class=\"elementor-widget-container\">\n\t\t\t\t\t\t\t\t\t\t\t\t\t\t\t<img fetchpriority=\"high\" decoding=\"async\" width=\"800\" height=\"600\" src=\"https:\/\/ozacariturizm.com.tr\/wp-content\/uploads\/2025\/12\/WhatsApp-Image-2025-12-11-at-12.37.54-2-1024x768.jpeg\" class=\"attachment-large size-large wp-image-5034\" alt=\"\" srcset=\"https:\/\/ozacariturizm.com.tr\/wp-content\/uploads\/2025\/12\/WhatsApp-Image-2025-12-11-at-12.37.54-2-1024x768.jpeg 1024w, https:\/\/ozacariturizm.com.tr\/wp-content\/uploads\/2025\/12\/WhatsApp-Image-2025-12-11-at-12.37.54-2-300x225.jpeg 300w, https:\/\/ozacariturizm.com.tr\/wp-content\/uploads\/2025\/12\/WhatsApp-Image-2025-12-11-at-12.37.54-2-768x576.jpeg 768w, https:\/\/ozacariturizm.com.tr\/wp-content\/uploads\/2025\/12\/WhatsApp-Image-2025-12-11-at-12.37.54-2-1536x1152.jpeg 1536w, https:\/\/ozacariturizm.com.tr\/wp-content\/uploads\/2025\/12\/WhatsApp-Image-2025-12-11-at-12.37.54-2.jpeg 2000w\" sizes=\"(max-width: 800px) 100vw, 800px\" \/>\t\t\t\t\t\t\t\t\t\t\t\t\t\t\t<\/div>\n\t\t\t\t<\/div>\n\t\t\t\t\t<\/div>\n\t\t<\/div>\n\t\t\t\t<div class=\"elementor-column elementor-col-50 elementor-top-column elementor-element elementor-element-4cf6a3c\" data-id=\"4cf6a3c\" data-element_type=\"column\">\n\t\t\t<div class=\"elementor-widget-wrap elementor-element-populated\">\n\t\t\t\t\t\t<div class=\"elementor-element elementor-element-a05a294 elementor-widget elementor-widget-transflash_elementor_heading\" data-id=\"a05a294\" data-element_type=\"widget\" data-widget_type=\"transflash_elementor_heading.default\">\n\t\t\t\t<div class=\"elementor-widget-container\">\n\t\t\t\t\t\n\t\t    <div class=\"ova-heading\">\n\t\t \t   <h2 class=\"title\">\t\t\t\t\t\t\t\t\t\t\tBiz Kimiz?\t\t\t\t\t\t\t\t\t<\/h2>\n\t\t\t\t\t\t\t\t\t<p class=\"description\">\n\t\t\t\t\t\t\t\nZaman\u0131 kaliteli ve do\u011fru kullanmak bir\u00e7ok kurumun \u00f6ncelikli olarak dikkat etti\u011fi hususlar\u0131n ba\u015f\u0131nda gelmektedir. \u00d6zellikle i\u015f verimlili\u011fini artt\u0131rman\u0131n ba\u015f\u0131na ula\u015f\u0131m gelmektedir. G\u00fcn\u00fcm\u00fczde personel ta\u015f\u0131mac\u0131l\u0131\u011f\u0131nda firmalar\u0131n en b\u00fcy\u00fck s\u0131k\u0131nt\u0131s\u0131 ya\u015fanan zaman kayb\u0131d\u0131r. D\u00fcnyan\u0131n geli\u015fmi\u015f \u00fclkelerinde yap\u0131lan ara\u015ft\u0131rmalar i\u015fe gidi\u015f d\u00f6n\u00fc\u015f saatlerinin verimlilik a\u00e7\u0131s\u0131ndan \u00f6nemine dikkat \u00e7ekmektedir.\nTrafi\u011fin en yo\u011fun ya\u015fand\u0131\u011f\u0131 megakent \u0130stanbul&#039;da firma personellerini huzur i\u00e7inde i\u015flerine, evlerine, sevdiklerine ta\u015f\u0131mak bizim en \u00f6nemli g\u00f6revimizdir. M\u00fc\u015fterilerimizin istek ve beklentilerini kar\u015f\u0131layacak \u015fekilde kendimizi s\u00fcrekli geli\u015ftirmeyi ve yenilemeyi m\u00fc\u015fteri memnuniyetindeki hedefimiz olarak g\u00f6rmekte, ara\u00e7 filomuzu g\u00fcn\u00fcn ko\u015fullar\u0131na uygun olarak her ge\u00e7en g\u00fcn yenilemekteyiz. Uzman kadromuz y\u00f6netiminde her g\u00fcn evlerine refah i\u00e7inde ula\u015ft\u0131rmaktan gururluyuz.\t\t\t\t\t<\/p>\n\t\t\t\t\t\t    <\/div>\n\n         \t\t\t\t<\/div>\n\t\t\t\t<\/div>\n\t\t\t\t<div class=\"elementor-element elementor-element-8f7b687 elementor-icon-list--layout-traditional elementor-list-item-link-full_width elementor-widget elementor-widget-icon-list\" data-id=\"8f7b687\" data-element_type=\"widget\" data-widget_type=\"icon-list.default\">\n\t\t\t\t<div class=\"elementor-widget-container\">\n\t\t\t\t\t\t\t<ul class=\"elementor-icon-list-items\">\n\t\t\t\t\t\t\t<li class=\"elementor-icon-list-item\">\n\t\t\t\t\t\t\t\t\t\t\t<span class=\"elementor-icon-list-icon\">\n\t\t\t\t\t\t\t<i aria-hidden=\"true\" class=\"flaticon flaticon-group\"><\/i>\t\t\t\t\t\t<\/span>\n\t\t\t\t\t\t\t\t\t\t<span class=\"elementor-icon-list-text\">Biz insanlar\u0131 \u00f6n planda tutuyoruz<\/span>\n\t\t\t\t\t\t\t\t\t<\/li>\n\t\t\t\t\t\t\t\t<li class=\"elementor-icon-list-item\">\n\t\t\t\t\t\t\t\t\t\t\t<span class=\"elementor-icon-list-icon\">\n\t\t\t\t\t\t\t<i aria-hidden=\"true\" class=\"flaticon flaticon-idea\"><\/i>\t\t\t\t\t\t<\/span>\n\t\t\t\t\t\t\t\t\t\t<span class=\"elementor-icon-list-text\">Gelece\u011fi Koruyoruz<\/span>\n\t\t\t\t\t\t\t\t\t<\/li>\n\t\t\t\t\t\t\t\t<li class=\"elementor-icon-list-item\">\n\t\t\t\t\t\t\t\t\t\t\t<span class=\"elementor-icon-list-icon\">\n\t\t\t\t\t\t\t<i aria-hidden=\"true\" class=\"flaticon flaticon-arrows\"><\/i>\t\t\t\t\t\t<\/span>\n\t\t\t\t\t\t\t\t\t\t<span class=\"elementor-icon-list-text\">De\u011fi\u015fimi kucakl\u0131yoruz<\/span>\n\t\t\t\t\t\t\t\t\t<\/li>\n\t\t\t\t\t\t\t\t<li class=\"elementor-icon-list-item\">\n\t\t\t\t\t\t\t\t\t\t\t<span class=\"elementor-icon-list-icon\">\n\t\t\t\t\t\t\t<i aria-hidden=\"true\" class=\"flaticon flaticon-job-offer-1\"><\/i>\t\t\t\t\t\t<\/span>\n\t\t\t\t\t\t\t\t\t\t<span class=\"elementor-icon-list-text\">\u0130yi ayr\u0131cal\u0131klar sunuyoruz<\/span>\n\t\t\t\t\t\t\t\t\t<\/li>\n\t\t\t\t\t\t<\/ul>\n\t\t\t\t\t\t<\/div>\n\t\t\t\t<\/div>\n\t\t\t\t\t<\/div>\n\t\t<\/div>\n\t\t\t\t\t<\/div>\n\t\t<\/section>\n\t\t<div class=\"elementor-element elementor-element-ad98e75 e-flex e-con-boxed e-con e-parent\" data-id=\"ad98e75\" data-element_type=\"container\">\n\t\t\t\t\t<div class=\"e-con-inner\">\n\t\t\t\t<div class=\"elementor-element elementor-element-f4224ac elementor-widget elementor-widget-text-editor\" data-id=\"f4224ac\" data-element_type=\"widget\" data-widget_type=\"text-editor.default\">\n\t\t\t\t<div class=\"elementor-widget-container\">\n\t\t\t\t\t\t\t\t\t<h2><strong>Neden \u00d6zacar\u0131 Turizm?<\/strong><\/h2><ul><li><strong>G\u00fcvenlik \u00d6nceli\u011fimiz:<\/strong> Ara\u00e7lar\u0131m\u0131z d\u00fczenli bak\u0131mlardan ge\u00e7irilir, s\u00fcr\u00fcc\u00fclerimiz profesyonel ve deneyimlidir.<\/li><li><strong>Zaman\u0131nda Hizmet:<\/strong> Ta\u015f\u0131ma ve organizasyonlar\u0131m\u0131zda dakiklik esast\u0131r.<\/li><li><strong>M\u00fc\u015fteri Memnuniyeti:<\/strong> \u0130htiya\u00e7lar\u0131n\u0131za \u00f6zel \u00e7\u00f6z\u00fcmler sunuyor, sizlere en iyi deneyimi ya\u015fat\u0131yoruz.<\/li><li><strong>Uygun Fiyatlar:<\/strong> Kaliteli hizmeti rekabet\u00e7i fiyatlarla sunuyoruz.<\/li><\/ul>\t\t\t\t\t\t\t\t<\/div>\n\t\t\t\t<\/div>\n\t\t\t\t\t<\/div>\n\t\t\t\t<\/div>\n\t\t<div class=\"elementor-element elementor-element-dbd52e9 e-flex e-con-boxed e-con e-parent\" data-id=\"dbd52e9\" data-element_type=\"container\">\n\t\t\t\t\t<div class=\"e-con-inner\">\n\t\t\t\t<div class=\"elementor-element elementor-element-f4b06fc elementor-widget elementor-widget-text-editor\" data-id=\"f4b06fc\" data-element_type=\"widget\" data-widget_type=\"text-editor.default\">\n\t\t\t\t<div class=\"elementor-widget-container\">\n\t\t\t\t\t\t\t\t\t<h2><strong>M\u00fc\u015fteri Memnuniyeti \u0130lkesi<\/strong><\/h2><p>\u00d6zacar\u0131 Turizm, t\u00fcm hizmetlerinde m\u00fc\u015fteri memnuniyetini \u00f6n planda tutar. Gerek ta\u015f\u0131mac\u0131l\u0131k gerek organizasyon hizmetlerimizde, sizin ihtiya\u00e7lar\u0131n\u0131za uygun ve y\u00fcksek standartlarda \u00e7\u00f6z\u00fcmler \u00fcretiyoruz. \u0130ster g\u00fcnl\u00fck, ister uzun vadeli bir \u00e7\u00f6z\u00fcm aray\u0131\u015f\u0131nda olun, bizimle her zaman g\u00fcvendesiniz.<\/p>\t\t\t\t\t\t\t\t<\/div>\n\t\t\t\t<\/div>\n\t\t\t\t\t<\/div>\n\t\t\t\t<\/div>\n\t\t<div class=\"elementor-element elementor-element-6794ec4 e-grid e-con-boxed e-con e-parent\" data-id=\"6794ec4\" data-element_type=\"container\">\n\t\t\t\t\t<div class=\"e-con-inner\">\n\t\t\t\t<div class=\"elementor-element elementor-element-c8b7c3a elementor-widget elementor-widget-image\" data-id=\"c8b7c3a\" data-element_type=\"widget\" data-widget_type=\"image.default\">\n\t\t\t\t<div class=\"elementor-widget-container\">\n\t\t\t\t\t\t\t\t\t\t\t\t\t\t\t<img decoding=\"async\" width=\"768\" height=\"1024\" src=\"https:\/\/ozacariturizm.com.tr\/wp-content\/uploads\/2025\/12\/WhatsApp-Image-2025-12-11-at-12.37.54-3-768x1024.jpeg\" class=\"attachment-large size-large wp-image-5035\" alt=\"\" srcset=\"https:\/\/ozacariturizm.com.tr\/wp-content\/uploads\/2025\/12\/WhatsApp-Image-2025-12-11-at-12.37.54-3-768x1024.jpeg 768w, https:\/\/ozacariturizm.com.tr\/wp-content\/uploads\/2025\/12\/WhatsApp-Image-2025-12-11-at-12.37.54-3-225x300.jpeg 225w, https:\/\/ozacariturizm.com.tr\/wp-content\/uploads\/2025\/12\/WhatsApp-Image-2025-12-11-at-12.37.54-3-1152x1536.jpeg 1152w, https:\/\/ozacariturizm.com.tr\/wp-content\/uploads\/2025\/12\/WhatsApp-Image-2025-12-11-at-12.37.54-3.jpeg 1500w\" sizes=\"(max-width: 768px) 100vw, 768px\" \/>\t\t\t\t\t\t\t\t\t\t\t\t\t\t\t<\/div>\n\t\t\t\t<\/div>\n\t\t\t\t<div class=\"elementor-element elementor-element-dc6f803 elementor-widget elementor-widget-image\" data-id=\"dc6f803\" data-element_type=\"widget\" data-widget_type=\"image.default\">\n\t\t\t\t<div class=\"elementor-widget-container\">\n\t\t\t\t\t\t\t\t\t\t\t\t\t\t\t<img decoding=\"async\" width=\"768\" height=\"1024\" src=\"https:\/\/ozacariturizm.com.tr\/wp-content\/uploads\/2025\/12\/WhatsApp-Image-2025-12-11-at-12.37.54-1-768x1024.jpeg\" class=\"attachment-large size-large wp-image-5036\" alt=\"\" srcset=\"https:\/\/ozacariturizm.com.tr\/wp-content\/uploads\/2025\/12\/WhatsApp-Image-2025-12-11-at-12.37.54-1-768x1024.jpeg 768w, https:\/\/ozacariturizm.com.tr\/wp-content\/uploads\/2025\/12\/WhatsApp-Image-2025-12-11-at-12.37.54-1-225x300.jpeg 225w, https:\/\/ozacariturizm.com.tr\/wp-content\/uploads\/2025\/12\/WhatsApp-Image-2025-12-11-at-12.37.54-1-1152x1536.jpeg 1152w, https:\/\/ozacariturizm.com.tr\/wp-content\/uploads\/2025\/12\/WhatsApp-Image-2025-12-11-at-12.37.54-1.jpeg 1500w\" sizes=\"(max-width: 768px) 100vw, 768px\" \/>\t\t\t\t\t\t\t\t\t\t\t\t\t\t\t<\/div>\n\t\t\t\t<\/div>\n\t\t\t\t<div class=\"elementor-element elementor-element-ec25925 elementor-widget elementor-widget-image\" data-id=\"ec25925\" data-element_type=\"widget\" data-widget_type=\"image.default\">\n\t\t\t\t<div class=\"elementor-widget-container\">\n\t\t\t\t\t\t\t\t\t\t\t\t\t\t\t<img loading=\"lazy\" decoding=\"async\" width=\"800\" height=\"600\" src=\"https:\/\/ozacariturizm.com.tr\/wp-content\/uploads\/2025\/12\/WhatsApp-Image-2025-12-11-at-12.37.54-1024x768.jpeg\" class=\"attachment-large size-large wp-image-5037\" alt=\"\" srcset=\"https:\/\/ozacariturizm.com.tr\/wp-content\/uploads\/2025\/12\/WhatsApp-Image-2025-12-11-at-12.37.54-1024x768.jpeg 1024w, https:\/\/ozacariturizm.com.tr\/wp-content\/uploads\/2025\/12\/WhatsApp-Image-2025-12-11-at-12.37.54-300x225.jpeg 300w, https:\/\/ozacariturizm.com.tr\/wp-content\/uploads\/2025\/12\/WhatsApp-Image-2025-12-11-at-12.37.54-768x576.jpeg 768w, https:\/\/ozacariturizm.com.tr\/wp-content\/uploads\/2025\/12\/WhatsApp-Image-2025-12-11-at-12.37.54-1536x1152.jpeg 1536w, https:\/\/ozacariturizm.com.tr\/wp-content\/uploads\/2025\/12\/WhatsApp-Image-2025-12-11-at-12.37.54.jpeg 2000w\" sizes=\"(max-width: 800px) 100vw, 800px\" \/>\t\t\t\t\t\t\t\t\t\t\t\t\t\t\t<\/div>\n\t\t\t\t<\/div>\n\t\t\t\t\t<\/div>\n\t\t\t\t<\/div>\n\t\t\t\t<\/div>\n\t\t","protected":false},"excerpt":{"rendered":"<p>Biz Kimiz? Zaman\u0131 kaliteli ve do\u011fru kullanmak bir\u00e7ok kurumun \u00f6ncelikli olarak dikkat etti\u011fi hususlar\u0131n ba\u015f\u0131nda gelmektedir. \u00d6zellikle i\u015f verimlili\u011fini artt\u0131rman\u0131n ba\u015f\u0131na ula\u015f\u0131m gelmektedir. G\u00fcn\u00fcm\u00fczde personel ta\u015f\u0131mac\u0131l\u0131\u011f\u0131nda firmalar\u0131n en b\u00fcy\u00fck s\u0131k\u0131nt\u0131s\u0131 ya\u015fanan zaman kayb\u0131d\u0131r. D\u00fcnyan\u0131n geli\u015fmi\u015f \u00fclkelerinde yap\u0131lan ara\u015ft\u0131rmalar i\u015fe gidi\u015f d\u00f6n\u00fc\u015f saatlerinin verimlilik a\u00e7\u0131s\u0131ndan \u00f6nemine dikkat \u00e7ekmektedir. Trafi\u011fin en yo\u011fun ya\u015fand\u0131\u011f\u0131 megakent \u0130stanbul&#039;da firma personellerini [&hellip;]<\/p>\n","protected":false},"author":1,"featured_media":3512,"parent":0,"menu_order":0,"comment_status":"closed","ping_status":"closed","template":"elementor_header_footer","meta":{"footnotes":""},"class_list":["post-3510","page","type-page","status-publish","has-post-thumbnail","hentry"],"_links":{"self":[{"href":"https:\/\/ozacariturizm.com.tr\/index.php?rest_route=\/wp\/v2\/pages\/3510","targetHints":{"allow":["GET"]}}],"collection":[{"href":"https:\/\/ozacariturizm.com.tr\/index.php?rest_route=\/wp\/v2\/pages"}],"about":[{"href":"https:\/\/ozacariturizm.com.tr\/index.php?rest_route=\/wp\/v2\/types\/page"}],"author":[{"embeddable":true,"href":"https:\/\/ozacariturizm.com.tr\/index.php?rest_route=\/wp\/v2\/users\/1"}],"replies":[{"embeddable":true,"href":"https:\/\/ozacariturizm.com.tr\/index.php?rest_route=%2Fwp%2Fv2%2Fcomments&post=3510"}],"version-history":[{"count":16,"href":"https:\/\/ozacariturizm.com.tr\/index.php?rest_route=\/wp\/v2\/pages\/3510\/revisions"}],"predecessor-version":[{"id":5040,"href":"https:\/\/ozacariturizm.com.tr\/index.php?rest_route=\/wp\/v2\/pages\/3510\/revisions\/5040"}],"wp:featuredmedia":[{"embeddable":true,"href":"https:\/\/ozacariturizm.com.tr\/index.php?rest_route=\/wp\/v2\/media\/3512"}],"wp:attachment":[{"href":"https:\/\/ozacariturizm.com.tr\/index.php?rest_route=%2Fwp%2Fv2%2Fmedia&parent=3510"}],"curies":[{"name":"wp","href":"https:\/\/api.w.org\/{rel}","templated":true}]}}