{"id":4828,"date":"2024-12-02T08:09:46","date_gmt":"2024-12-02T08:09:46","guid":{"rendered":"https:\/\/ozacariturizm.com.tr\/?page_id=4828"},"modified":"2024-12-02T09:56:24","modified_gmt":"2024-12-02T09:56:24","slug":"personel-tasimacigi","status":"publish","type":"page","link":"https:\/\/ozacariturizm.com.tr\/?page_id=4828","title":{"rendered":"Personel Ta\u015f\u0131mac\u0131\u011f\u0131"},"content":{"rendered":"\t\t<div data-elementor-type=\"wp-page\" data-elementor-id=\"4828\" class=\"elementor elementor-4828\">\n\t\t\t\t<div class=\"elementor-element elementor-element-8ff0ade e-flex e-con-boxed e-con e-parent\" data-id=\"8ff0ade\" data-element_type=\"container\">\n\t\t\t\t\t<div class=\"e-con-inner\">\n\t\t\t\t<div class=\"elementor-element elementor-element-4500147 elementor-widget elementor-widget-image\" data-id=\"4500147\" data-element_type=\"widget\" data-widget_type=\"image.default\">\n\t\t\t\t<div class=\"elementor-widget-container\">\n\t\t\t\t\t\t\t\t\t\t\t\t\t\t\t<img fetchpriority=\"high\" decoding=\"async\" width=\"800\" height=\"266\" src=\"https:\/\/ozacariturizm.com.tr\/wp-content\/uploads\/2021\/12\/personeltasima-1024x341.jpg\" class=\"attachment-large size-large wp-image-4839\" alt=\"\" srcset=\"https:\/\/ozacariturizm.com.tr\/wp-content\/uploads\/2021\/12\/personeltasima-1024x341.jpg 1024w, https:\/\/ozacariturizm.com.tr\/wp-content\/uploads\/2021\/12\/personeltasima-300x100.jpg 300w, https:\/\/ozacariturizm.com.tr\/wp-content\/uploads\/2021\/12\/personeltasima-768x256.jpg 768w, https:\/\/ozacariturizm.com.tr\/wp-content\/uploads\/2021\/12\/personeltasima.jpg 1200w\" sizes=\"(max-width: 800px) 100vw, 800px\" \/>\t\t\t\t\t\t\t\t\t\t\t\t\t\t\t<\/div>\n\t\t\t\t<\/div>\n\t\t\t\t\t<\/div>\n\t\t\t\t<\/div>\n\t\t<div class=\"elementor-element elementor-element-bc248a1 e-flex e-con-boxed e-con e-parent\" data-id=\"bc248a1\" data-element_type=\"container\">\n\t\t\t\t\t<div class=\"e-con-inner\">\n\t\t\t\t<div class=\"elementor-element elementor-element-8e13347 elementor-widget elementor-widget-heading\" data-id=\"8e13347\" data-element_type=\"widget\" data-widget_type=\"heading.default\">\n\t\t\t\t<div class=\"elementor-widget-container\">\n\t\t\t\t\t<h2 class=\"elementor-heading-title elementor-size-default\">Personel Ta\u015f\u0131mac\u0131\u011f\u0131<\/h2>\t\t\t\t<\/div>\n\t\t\t\t<\/div>\n\t\t\t\t\t<\/div>\n\t\t\t\t<\/div>\n\t\t<div class=\"elementor-element elementor-element-3e3715c e-flex e-con-boxed e-con e-parent\" data-id=\"3e3715c\" data-element_type=\"container\">\n\t\t\t\t\t<div class=\"e-con-inner\">\n\t\t\t\t<div class=\"elementor-element elementor-element-12a5d5d elementor-widget elementor-widget-text-editor\" data-id=\"12a5d5d\" data-element_type=\"widget\" data-widget_type=\"text-editor.default\">\n\t\t\t\t<div class=\"elementor-widget-container\">\n\t\t\t\t\t\t\t\t\t<h4><strong>\u00c7al\u0131\u015fanlar\u0131n\u0131z G\u00fcvende ve Zaman\u0131nda<\/strong><\/h4><p>\u00d6zacar\u0131 Turizm olarak, i\u015f yerinizin en de\u011ferli varl\u0131klar\u0131 olan \u00e7al\u0131\u015fanlar\u0131n\u0131z\u0131n ula\u015f\u0131m\u0131n\u0131 g\u00fcvence alt\u0131na al\u0131yoruz. Personel ta\u015f\u0131mac\u0131l\u0131\u011f\u0131nda temel amac\u0131m\u0131z, h\u0131zl\u0131, g\u00fcvenli ve konforlu bir seyahat deneyimi sunarak i\u015f g\u00fcc\u00fcn\u00fcz\u00fcn motivasyonunu art\u0131rmak.<\/p><ul><li><strong>Zaman\u0131nda Ula\u015f\u0131m:<\/strong> G\u00fczergah planlamas\u0131 ve trafik y\u00f6netimi konular\u0131nda uzman ekibimiz sayesinde \u00e7al\u0131\u015fanlar\u0131n\u0131z her g\u00fcn tam zaman\u0131nda i\u015f ba\u015f\u0131nda.<\/li><li><strong>G\u00fcvenlik \u00d6nlemleri:<\/strong> Ara\u00e7lar\u0131m\u0131z d\u00fczenli olarak bak\u0131mdan ge\u00e7irilir, s\u00fcr\u00fcc\u00fclerimiz trafik kurallar\u0131na s\u0131k\u0131 s\u0131k\u0131ya ba\u011fl\u0131d\u0131r ve her yolculukta g\u00fcvenli\u011fi \u00f6n planda tutar.<\/li><\/ul><h4><strong>Konforlu Ara\u00e7 Filosu<\/strong><\/h4><p>Ara\u00e7lar\u0131m\u0131z, \u00e7al\u0131\u015fanlar\u0131n\u0131z\u0131n her yolculukta konforu hissetmesi i\u00e7in \u00f6zel olarak tasarlanm\u0131\u015ft\u0131r:<\/p><ul><li>Geni\u015f ve ergonomik koltuklar,<\/li><li>Klima ve \u0131s\u0131tma sistemleri,<\/li><li>Temiz, hijyenik ve ferah bir i\u00e7 mekan.<\/li><\/ul><h4><strong>Esnek ve \u00c7\u00f6z\u00fcm Odakl\u0131 Yakla\u015f\u0131m<\/strong><\/h4><p>\u0130\u015fletmenizin ihtiya\u00e7lar\u0131na g\u00f6re servis saatleri ve g\u00fczergahlar belirlenir. Ekibimiz, kar\u015f\u0131la\u015f\u0131labilecek her t\u00fcrl\u00fc de\u011fi\u015fikli\u011fe h\u0131zl\u0131ca adapte olarak sorunsuz bir hizmet sunar.<\/p><h4><strong>Maliyet Tasarrufu Sa\u011flar<\/strong><\/h4><p>Personel ta\u015f\u0131mac\u0131l\u0131\u011f\u0131 hizmetimizle, \u00e7al\u0131\u015fanlar\u0131n\u0131z\u0131n bireysel ula\u015f\u0131m masraflar\u0131n\u0131 azaltabilir, ayn\u0131 zamanda i\u015f verimlili\u011fini art\u0131rabilirsiniz.<\/p>\t\t\t\t\t\t\t\t<\/div>\n\t\t\t\t<\/div>\n\t\t\t\t\t<\/div>\n\t\t\t\t<\/div>\n\t\t\t\t<\/div>\n\t\t","protected":false},"excerpt":{"rendered":"<p>Personel Ta\u015f\u0131mac\u0131\u011f\u0131 \u00c7al\u0131\u015fanlar\u0131n\u0131z G\u00fcvende ve Zaman\u0131nda \u00d6zacar\u0131 Turizm olarak, i\u015f yerinizin en de\u011ferli varl\u0131klar\u0131 olan \u00e7al\u0131\u015fanlar\u0131n\u0131z\u0131n ula\u015f\u0131m\u0131n\u0131 g\u00fcvence alt\u0131na al\u0131yoruz. Personel ta\u015f\u0131mac\u0131l\u0131\u011f\u0131nda temel amac\u0131m\u0131z, h\u0131zl\u0131, g\u00fcvenli ve konforlu bir seyahat deneyimi sunarak i\u015f g\u00fcc\u00fcn\u00fcz\u00fcn motivasyonunu art\u0131rmak. Zaman\u0131nda Ula\u015f\u0131m: G\u00fczergah planlamas\u0131 ve trafik y\u00f6netimi konular\u0131nda uzman ekibimiz sayesinde \u00e7al\u0131\u015fanlar\u0131n\u0131z her g\u00fcn tam zaman\u0131nda i\u015f ba\u015f\u0131nda. G\u00fcvenlik [&hellip;]<\/p>\n","protected":false},"author":1,"featured_media":0,"parent":0,"menu_order":0,"comment_status":"closed","ping_status":"closed","template":"elementor_header_footer","meta":{"footnotes":""},"class_list":["post-4828","page","type-page","status-publish","hentry"],"_links":{"self":[{"href":"https:\/\/ozacariturizm.com.tr\/index.php?rest_route=\/wp\/v2\/pages\/4828","targetHints":{"allow":["GET"]}}],"collection":[{"href":"https:\/\/ozacariturizm.com.tr\/index.php?rest_route=\/wp\/v2\/pages"}],"about":[{"href":"https:\/\/ozacariturizm.com.tr\/index.php?rest_route=\/wp\/v2\/types\/page"}],"author":[{"embeddable":true,"href":"https:\/\/ozacariturizm.com.tr\/index.php?rest_route=\/wp\/v2\/users\/1"}],"replies":[{"embeddable":true,"href":"https:\/\/ozacariturizm.com.tr\/index.php?rest_route=%2Fwp%2Fv2%2Fcomments&post=4828"}],"version-history":[{"count":13,"href":"https:\/\/ozacariturizm.com.tr\/index.php?rest_route=\/wp\/v2\/pages\/4828\/revisions"}],"predecessor-version":[{"id":4929,"href":"https:\/\/ozacariturizm.com.tr\/index.php?rest_route=\/wp\/v2\/pages\/4828\/revisions\/4929"}],"wp:attachment":[{"href":"https:\/\/ozacariturizm.com.tr\/index.php?rest_route=%2Fwp%2Fv2%2Fmedia&parent=4828"}],"curies":[{"name":"wp","href":"https:\/\/api.w.org\/{rel}","templated":true}]}}