{"id":4860,"date":"2024-12-02T08:33:49","date_gmt":"2024-12-02T08:33:49","guid":{"rendered":"https:\/\/ozacariturizm.com.tr\/?page_id=4860"},"modified":"2024-12-02T10:18:02","modified_gmt":"2024-12-02T10:18:02","slug":"ozel-tur-ve-organizasyon","status":"publish","type":"page","link":"https:\/\/ozacariturizm.com.tr\/?page_id=4860","title":{"rendered":"\u00d6zel Tur ve Organizasyon"},"content":{"rendered":"\t\t<div data-elementor-type=\"wp-page\" data-elementor-id=\"4860\" class=\"elementor elementor-4860\">\n\t\t\t\t<div class=\"elementor-element elementor-element-0998c76 e-flex e-con-boxed e-con e-parent\" data-id=\"0998c76\" data-element_type=\"container\">\n\t\t\t\t\t<div class=\"e-con-inner\">\n\t\t\t\t<div class=\"elementor-element elementor-element-d647a64 elementor-widget elementor-widget-image\" data-id=\"d647a64\" data-element_type=\"widget\" data-widget_type=\"image.default\">\n\t\t\t\t<div class=\"elementor-widget-container\">\n\t\t\t\t\t\t\t\t\t\t\t\t\t\t\t<img fetchpriority=\"high\" decoding=\"async\" width=\"800\" height=\"336\" src=\"https:\/\/ozacariturizm.com.tr\/wp-content\/uploads\/2024\/12\/banner-1-1024x430.jpg\" class=\"attachment-large size-large wp-image-4862\" alt=\"\" srcset=\"https:\/\/ozacariturizm.com.tr\/wp-content\/uploads\/2024\/12\/banner-1-1024x430.jpg 1024w, https:\/\/ozacariturizm.com.tr\/wp-content\/uploads\/2024\/12\/banner-1-300x126.jpg 300w, https:\/\/ozacariturizm.com.tr\/wp-content\/uploads\/2024\/12\/banner-1-768x323.jpg 768w, https:\/\/ozacariturizm.com.tr\/wp-content\/uploads\/2024\/12\/banner-1-1536x646.jpg 1536w, https:\/\/ozacariturizm.com.tr\/wp-content\/uploads\/2024\/12\/banner-1.jpg 1920w\" sizes=\"(max-width: 800px) 100vw, 800px\" \/>\t\t\t\t\t\t\t\t\t\t\t\t\t\t\t<\/div>\n\t\t\t\t<\/div>\n\t\t\t\t\t<\/div>\n\t\t\t\t<\/div>\n\t\t<div class=\"elementor-element elementor-element-93f5d57 e-flex e-con-boxed e-con e-parent\" data-id=\"93f5d57\" data-element_type=\"container\">\n\t\t\t\t\t<div class=\"e-con-inner\">\n\t\t\t\t<div class=\"elementor-element elementor-element-4459887 elementor-widget elementor-widget-heading\" data-id=\"4459887\" data-element_type=\"widget\" data-widget_type=\"heading.default\">\n\t\t\t\t<div class=\"elementor-widget-container\">\n\t\t\t\t\t<h2 class=\"elementor-heading-title elementor-size-default\">\u00d6zel Tur Ve Organizasyon<\/h2>\t\t\t\t<\/div>\n\t\t\t\t<\/div>\n\t\t\t\t<div class=\"elementor-element elementor-element-28ceef3 elementor-widget elementor-widget-text-editor\" data-id=\"28ceef3\" data-element_type=\"widget\" data-widget_type=\"text-editor.default\">\n\t\t\t\t<div class=\"elementor-widget-container\">\n\t\t\t\t\t\t\t\t\t<h4><strong>Hayalinizdeki Organizasyonu Planl\u0131yoruz<\/strong><\/h4><p>\u00d6zacar\u0131 Turizm, unutulmaz bir tur veya organizasyon i\u00e7in size \u00f6zel \u00e7\u00f6z\u00fcmler sunar. Sevdiklerinizle, i\u015f arkada\u015flar\u0131n\u0131zla veya \u00f6zel gruplar\u0131n\u0131zla kusursuz bir deneyim ya\u015faman\u0131z i\u00e7in her detay\u0131 planl\u0131yoruz.<\/p><h4><strong>\u00c7e\u015fitli Etkinlikler \u0130\u00e7in Profesyonel Hizmet<\/strong><\/h4><ul><li><strong>K\u00fclt\u00fcrel Turlar:<\/strong> Tarihi yerleri ke\u015ffetmek veya do\u011fayla i\u00e7 i\u00e7e vakit ge\u00e7irmek isteyenler i\u00e7in rehberli turlar d\u00fczenliyoruz.<\/li><li><strong>\u015eirket Organizasyonlar\u0131:<\/strong> Motivasyon art\u0131r\u0131c\u0131 etkinlikler, e\u011fitim toplant\u0131lar\u0131 veya ekip gezileri gibi i\u015f d\u00fcnyas\u0131na y\u00f6nelik \u00e7\u00f6z\u00fcmler sunuyoruz.<\/li><li><strong>\u00d6zel G\u00fcn Kutlamalar\u0131:<\/strong> D\u00fc\u011f\u00fcn, do\u011fum g\u00fcn\u00fc, y\u0131ld\u00f6n\u00fcm\u00fc gibi \u00f6zel anlar\u0131n\u0131z\u0131 unutulmaz k\u0131lacak hizmetler sa\u011fl\u0131yoruz.<\/li><\/ul><h4><strong>Konforlu ve G\u00fcvenli Ula\u015f\u0131m<\/strong><\/h4><p>Etkinlikler s\u0131ras\u0131nda modern ara\u00e7 filomuz ve deneyimli ekibimizle konforlu ve g\u00fcvenli bir ula\u015f\u0131m sunuyoruz. Ayr\u0131ca, rotalar\u0131m\u0131z her zaman etkinli\u011finize \u00f6zel olarak planlan\u0131r.<\/p><h4><strong>Sizin \u0130\u00e7in Her Detay\u0131 D\u00fc\u015f\u00fcn\u00fcyoruz<\/strong><\/h4><p>\u00d6zacar\u0131 Turizm ekibi, ihtiya\u00e7lar\u0131n\u0131z\u0131 dinler ve b\u00fct\u00e7enize uygun, tam size g\u00f6re bir plan haz\u0131rlar. Yeme-i\u00e7me, konaklama, ula\u015f\u0131m ve di\u011fer t\u00fcm detaylar i\u00e7in profesyonel bir organizasyon y\u00f6netimi sa\u011flar.<\/p>\t\t\t\t\t\t\t\t<\/div>\n\t\t\t\t<\/div>\n\t\t\t\t\t<\/div>\n\t\t\t\t<\/div>\n\t\t\t\t<\/div>\n\t\t","protected":false},"excerpt":{"rendered":"<p>\u00d6zel Tur Ve Organizasyon Hayalinizdeki Organizasyonu Planl\u0131yoruz \u00d6zacar\u0131 Turizm, unutulmaz bir tur veya organizasyon i\u00e7in size \u00f6zel \u00e7\u00f6z\u00fcmler sunar. Sevdiklerinizle, i\u015f arkada\u015flar\u0131n\u0131zla veya \u00f6zel gruplar\u0131n\u0131zla kusursuz bir deneyim ya\u015faman\u0131z i\u00e7in her detay\u0131 planl\u0131yoruz. \u00c7e\u015fitli Etkinlikler \u0130\u00e7in Profesyonel Hizmet K\u00fclt\u00fcrel Turlar: Tarihi yerleri ke\u015ffetmek veya do\u011fayla i\u00e7 i\u00e7e vakit ge\u00e7irmek isteyenler i\u00e7in rehberli turlar d\u00fczenliyoruz. \u015eirket [&hellip;]<\/p>\n","protected":false},"author":1,"featured_media":0,"parent":0,"menu_order":0,"comment_status":"closed","ping_status":"closed","template":"elementor_header_footer","meta":{"footnotes":""},"class_list":["post-4860","page","type-page","status-publish","hentry"],"_links":{"self":[{"href":"https:\/\/ozacariturizm.com.tr\/index.php?rest_route=\/wp\/v2\/pages\/4860","targetHints":{"allow":["GET"]}}],"collection":[{"href":"https:\/\/ozacariturizm.com.tr\/index.php?rest_route=\/wp\/v2\/pages"}],"about":[{"href":"https:\/\/ozacariturizm.com.tr\/index.php?rest_route=\/wp\/v2\/types\/page"}],"author":[{"embeddable":true,"href":"https:\/\/ozacariturizm.com.tr\/index.php?rest_route=\/wp\/v2\/users\/1"}],"replies":[{"embeddable":true,"href":"https:\/\/ozacariturizm.com.tr\/index.php?rest_route=%2Fwp%2Fv2%2Fcomments&post=4860"}],"version-history":[{"count":7,"href":"https:\/\/ozacariturizm.com.tr\/index.php?rest_route=\/wp\/v2\/pages\/4860\/revisions"}],"predecessor-version":[{"id":4940,"href":"https:\/\/ozacariturizm.com.tr\/index.php?rest_route=\/wp\/v2\/pages\/4860\/revisions\/4940"}],"wp:attachment":[{"href":"https:\/\/ozacariturizm.com.tr\/index.php?rest_route=%2Fwp%2Fv2%2Fmedia&parent=4860"}],"curies":[{"name":"wp","href":"https:\/\/api.w.org\/{rel}","templated":true}]}}