{"id":5012,"date":"2024-12-02T12:46:40","date_gmt":"2024-12-02T12:46:40","guid":{"rendered":"https:\/\/ozacariturizm.com.tr\/?page_id=5012"},"modified":"2024-12-02T12:48:42","modified_gmt":"2024-12-02T12:48:42","slug":"vizyon-ve-misyon","status":"publish","type":"page","link":"https:\/\/ozacariturizm.com.tr\/?page_id=5012","title":{"rendered":"Vizyon ve Misyon"},"content":{"rendered":"\t\t<div data-elementor-type=\"wp-page\" data-elementor-id=\"5012\" class=\"elementor elementor-5012\">\n\t\t\t\t<div class=\"elementor-element elementor-element-bbf46a6 e-flex e-con-boxed e-con e-parent\" data-id=\"bbf46a6\" data-element_type=\"container\">\n\t\t\t\t\t<div class=\"e-con-inner\">\n\t\t\t\t<div class=\"elementor-element elementor-element-27bbef3 elementor-widget elementor-widget-spacer\" data-id=\"27bbef3\" data-element_type=\"widget\" data-widget_type=\"spacer.default\">\n\t\t\t\t<div class=\"elementor-widget-container\">\n\t\t\t\t\t\t\t<div class=\"elementor-spacer\">\n\t\t\t<div class=\"elementor-spacer-inner\"><\/div>\n\t\t<\/div>\n\t\t\t\t\t\t<\/div>\n\t\t\t\t<\/div>\n\t\t\t\t\t<\/div>\n\t\t\t\t<\/div>\n\t\t<div class=\"elementor-element elementor-element-e6a0435 e-flex e-con-boxed e-con e-parent\" data-id=\"e6a0435\" data-element_type=\"container\">\n\t\t\t\t\t<div class=\"e-con-inner\">\n\t\t\t\t<div class=\"elementor-element elementor-element-5c10c20 elementor-widget elementor-widget-text-editor\" data-id=\"5c10c20\" data-element_type=\"widget\" data-widget_type=\"text-editor.default\">\n\t\t\t\t<div class=\"elementor-widget-container\">\n\t\t\t\t\t\t\t\t\t<h3><strong>Vizyonumuz<\/strong><\/h3><p>\u00d6zacar\u0131 Turizm olarak, ta\u015f\u0131mac\u0131l\u0131k sekt\u00f6r\u00fcnde yenilik\u00e7i, g\u00fcvenilir ve s\u00fcrd\u00fcr\u00fclebilir \u00e7\u00f6z\u00fcmler sunarak T\u00fcrkiye\u2019nin lider ta\u015f\u0131mac\u0131l\u0131k ve organizasyon firmalar\u0131ndan biri olmay\u0131 hedefliyoruz. \u0130nsan odakl\u0131 yakla\u015f\u0131m\u0131m\u0131zla, m\u00fc\u015fteri memnuniyetini en \u00fcst seviyede tutan, her zaman geli\u015fimi ve de\u011fi\u015fimi benimseyen bir marka olma yolunda ilerliyoruz.<\/p><p>Teknolojiyi s\u00fcre\u00e7lerimize entegre ederek hizmetlerimizi s\u00fcrekli iyile\u015ftiriyor, g\u00fcvenlik ve kalite standartlar\u0131n\u0131 en \u00fcst d\u00fczeye ta\u015f\u0131yoruz. Sadece bug\u00fcn\u00fcn de\u011fil, gelece\u011fin ihtiya\u00e7lar\u0131n\u0131 da \u00f6ng\u00f6rerek sekt\u00f6rde fark yaratan uygulamalar geli\u015ftirmeyi ve \u00e7evre dostu ta\u015f\u0131mac\u0131l\u0131k \u00e7\u00f6z\u00fcmleriyle topluma de\u011fer katmay\u0131 ama\u00e7l\u0131yoruz.<\/p><h4><strong>Hedefimiz:<\/strong><\/h4><p>Ta\u015f\u0131mac\u0131l\u0131k ve organizasyon hizmetlerinde uluslararas\u0131 standartlara ula\u015farak, m\u00fc\u015fterilerimiz i\u00e7in ilk akla gelen ve en \u00e7ok tercih edilen \u00e7\u00f6z\u00fcm orta\u011f\u0131 olmak.<\/p><hr \/><h3><strong>Misyonumuz<\/strong><\/h3><p>\u00d6zacar\u0131 Turizm\u2019in misyonu, g\u00fcvenli, konforlu ve zaman\u0131nda hizmet sunarak m\u00fc\u015fterilerimizin hayat\u0131n\u0131 kolayla\u015ft\u0131rmakt\u0131r. \u0130\u015fimiz sadece insanlar\u0131 ta\u015f\u0131mak de\u011fil; her bir yolculu\u011fu de\u011ferli bir deneyime d\u00f6n\u00fc\u015ft\u00fcrmek i\u00e7in \u00e7al\u0131\u015f\u0131yoruz.<\/p><ul><li><strong>Ta\u015f\u0131mac\u0131l\u0131kta G\u00fcven ve Konfor:<\/strong> Yolcular\u0131m\u0131z\u0131n g\u00fcvenli\u011fi ve konforu i\u00e7in en son teknolojilerle donat\u0131lm\u0131\u015f ara\u00e7lar\u0131m\u0131zla hizmet veririz.<\/li><li><strong>M\u00fc\u015fteri Memnuniyeti Odakl\u0131l\u0131k:<\/strong> Hizmet s\u00fcre\u00e7lerimizi, m\u00fc\u015fterilerimizin ihtiya\u00e7lar\u0131n\u0131 en iyi \u015fekilde kar\u015f\u0131layacak \u015fekilde tasarlar\u0131z.<\/li><li><strong>Profesyonel Yakla\u015f\u0131m:<\/strong> Alan\u0131nda uzman ekibimizle, her zaman g\u00fcler y\u00fczl\u00fc, profesyonel ve \u00e7\u00f6z\u00fcm odakl\u0131 bir hizmet sunar\u0131z.<\/li><li><strong>\u00c7evre ve Topluma Duyarl\u0131l\u0131k:<\/strong> \u00c7evre dostu uygulamalar\u0131 \u00f6n planda tutar, toplumsal sorumlulu\u011fumuzu her zaman yerine getiririz.<\/li><\/ul><p>Her hizmetimizde g\u00fcven, \u015feffafl\u0131k ve kaliteyi \u00f6n planda tutarak, m\u00fc\u015fterilerimize en iyiyi sunmak i\u00e7in durmaks\u0131z\u0131n \u00e7al\u0131\u015f\u0131yoruz.<\/p>\t\t\t\t\t\t\t\t<\/div>\n\t\t\t\t<\/div>\n\t\t\t\t\t<\/div>\n\t\t\t\t<\/div>\n\t\t\t\t<\/div>\n\t\t","protected":false},"excerpt":{"rendered":"<p>Vizyonumuz \u00d6zacar\u0131 Turizm olarak, ta\u015f\u0131mac\u0131l\u0131k sekt\u00f6r\u00fcnde yenilik\u00e7i, g\u00fcvenilir ve s\u00fcrd\u00fcr\u00fclebilir \u00e7\u00f6z\u00fcmler sunarak T\u00fcrkiye\u2019nin lider ta\u015f\u0131mac\u0131l\u0131k ve organizasyon firmalar\u0131ndan biri olmay\u0131 hedefliyoruz. \u0130nsan odakl\u0131 yakla\u015f\u0131m\u0131m\u0131zla, m\u00fc\u015fteri memnuniyetini en \u00fcst seviyede tutan, her zaman geli\u015fimi ve de\u011fi\u015fimi benimseyen bir marka olma yolunda ilerliyoruz. Teknolojiyi s\u00fcre\u00e7lerimize entegre ederek hizmetlerimizi s\u00fcrekli iyile\u015ftiriyor, g\u00fcvenlik ve kalite standartlar\u0131n\u0131 en \u00fcst d\u00fczeye [&hellip;]<\/p>\n","protected":false},"author":1,"featured_media":0,"parent":0,"menu_order":0,"comment_status":"closed","ping_status":"closed","template":"","meta":{"footnotes":""},"class_list":["post-5012","page","type-page","status-publish","hentry"],"_links":{"self":[{"href":"https:\/\/ozacariturizm.com.tr\/index.php?rest_route=\/wp\/v2\/pages\/5012","targetHints":{"allow":["GET"]}}],"collection":[{"href":"https:\/\/ozacariturizm.com.tr\/index.php?rest_route=\/wp\/v2\/pages"}],"about":[{"href":"https:\/\/ozacariturizm.com.tr\/index.php?rest_route=\/wp\/v2\/types\/page"}],"author":[{"embeddable":true,"href":"https:\/\/ozacariturizm.com.tr\/index.php?rest_route=\/wp\/v2\/users\/1"}],"replies":[{"embeddable":true,"href":"https:\/\/ozacariturizm.com.tr\/index.php?rest_route=%2Fwp%2Fv2%2Fcomments&post=5012"}],"version-history":[{"count":4,"href":"https:\/\/ozacariturizm.com.tr\/index.php?rest_route=\/wp\/v2\/pages\/5012\/revisions"}],"predecessor-version":[{"id":5016,"href":"https:\/\/ozacariturizm.com.tr\/index.php?rest_route=\/wp\/v2\/pages\/5012\/revisions\/5016"}],"wp:attachment":[{"href":"https:\/\/ozacariturizm.com.tr\/index.php?rest_route=%2Fwp%2Fv2%2Fmedia&parent=5012"}],"curies":[{"name":"wp","href":"https:\/\/api.w.org\/{rel}","templated":true}]}}